{"id":8113,"date":"2018-09-28T16:01:51","date_gmt":"2018-09-28T14:01:51","guid":{"rendered":"https:\/\/www.dmcus.it\/privacy\/"},"modified":"2024-06-28T18:31:32","modified_gmt":"2024-06-28T16:31:32","slug":"privacy","status":"publish","type":"page","link":"https:\/\/www.dmcus.it\/en\/privacy\/","title":{"rendered":"Privacy"},"content":{"rendered":"<section class=\"l-section wpb_row height_small color_alternate\"><div class=\"l-section-h i-cf\"><div class=\"g-cols vc_row via_grid cols_1 laptops-cols_inherit tablets-cols_inherit mobiles-cols_1 valign_middle type_default stacking_default\"><div class=\"wpb_column vc_column_container\"><div class=\"vc_column-inner\"><h1 class=\"w-post-elm post_title us_custom_607cd7e8 entry-title color_link_inherit\">Privacy<\/h1><\/div><\/div><\/div><\/div><\/section><section class=\"l-section wpb_row height_medium\"><div class=\"l-section-h i-cf\"><div class=\"g-cols vc_row via_grid cols_1 laptops-cols_inherit tablets-cols_inherit mobiles-cols_1 valign_top type_default stacking_default\"><div class=\"wpb_column vc_column_container\"><div class=\"vc_column-inner\"><div class=\"wpb_text_column\"><div class=\"wpb_wrapper\"><p>Ai sensi dell\u2019articolo 13 del D.lgs. n.196\/2003 \u201cCodice in materia di protezione dei dati personali\u201d \u2013 e del Regolamento UE 679\/2016 applicabile dal 25 maggio 2018 \u2013 Regolamento Generale sulla Protezione dei Dati (\u201cRGPD\u201d) (d\u2019ora in avanti Codice Privacy e RGPD sono collettivamente indicati come \u201cNormativa Applicabile\u201d), D.M.CUS S.r.l. intende descrivere le modalit\u00e0 di gestione del sito in riferimento al trattamento dei dati personali degli utenti che lo consultano. Il trattamento si basa sempre su principi di liceit\u00e0 e correttezza in ottemperanza a tutte le vigenti normative e vengono adottate idonee misure di sicurezza a protezione dei dati.\u00a0\u2028L\u2019informativa \u00e8 resa solo per il sito di D.M.CUS S.r.l. e non anche per altri siti web eventualmente consultati dall\u2019utente tramite link. Essi sono autonomi titolari del trattamento dei dati e pertanto si rimanda ai loro siti.<\/p>\n<p>A tal fine, D.M.CUS S.r.l. La informa che:<\/p>\n<p><strong>A \u2013 Finalit\u00e0 del trattamento<\/strong><\/p>\n<p><strong>Il trattamento dei dati avverr\u00e0 per le seguenti finalit\u00e0:<\/strong><\/p>\n<p>I suoi dati personali (indirizzo di posta elettronica, nome, cognome, numero di telefono, azienda) saranno utilizzati, previo Suo esplicito consenso, per l&#8217;invio via email di materiale pubblicitario, informativo, promozionale, anche di natura commerciale, newsletter di suo interesse relative a servizi di consulenza prestati da D.M.CUS S.r.l., e ogni altra informazione concernente l\u2019ambito in cui D.M.CUS S.r.l. opera.<\/p>\n<p><strong>B &#8211; Natura obbligatoria\/ facoltativa della raccolta dei dati e conseguenze di un eventuale mancato conferimento<\/strong><\/p>\n<p>Il consenso al trattamento dei dati personali per le finalit\u00e0 di cui alla precedente lettera A \u00e8 facoltativo ed un eventuale rifiuto non consentir\u00e0 l\u2019invio di alcuna comunicazioni da parte di D.M.CUS S.r.l..<\/p>\n<p>Il CLIENTE potr\u00e0 in ogni caso opporsi in qualsiasi momento a tali trattamenti, facendone semplice richiesta a D.M.CUS S.r.l. senza alcuna formalit\u00e0 a mezzo e-mail o posta ordinaria nelle modalit\u00e0 di cui alla successiva lettera G.<\/p>\n<p><strong>C \u2013 Modalit\u00e0 del trattamento<\/strong><\/p>\n<p><strong>I dati personali verranno trattati con le seguenti modalit\u00e0<\/strong>:<\/p>\n<ul>\n<li>registrazione ed elaborazione su supporto cartaceo;<\/li>\n<li>registrazione ed elaborazione su supporto magnetico.<\/li>\n<\/ul>\n<p>I dati saranno trattati dai collaboratori e dipendenti di D.M.CUS S.r.l.\u00a0designati \u201cIncaricati del trattamento\u201d che hanno ricevuto adeguate istruzioni operative.<\/p>\n<p><strong>D \u2013 Comunicazione dei dati<\/strong><\/p>\n<p>I suoi dati personali non saranno comunicati a terzi o rivenduti per nessun motivo. L&#8217;archivio elettronico relativo alle comunicazioni promozionali \u00e8 conservato sul territorio italiano e di conseguenza non avviene nessun trasferimento di dati personali al di fuori dell&#8217;Italia.<\/p>\n<p>Per la finalit\u00e0 di cui alla precedente lettera A:<\/p>\n<p>&#8211; i dati personali potranno essere trattati da soggetti interni alla Societ\u00e0, nella loro qualit\u00e0 di Incaricati, solo qualora il trattamento sia necessario allo svolgimento delle loro mansioni compiendo solo le operazioni necessarie allo svolgimento delle mansioni stesse.<\/p>\n<p><strong>E \u2013 Tempo di conservazione dei dati<\/strong><\/p>\n<p>I dati personali raccolti per la finalit\u00e0 oggetto di questa informativa verranno conservati fino alla revoca del consenso di cui alla lettera B, salvo che le stesse informazioni non formino oggetto di altri trattamenti da parte dello stesso Titolare. In ogni caso alla revoca del consenso i dati non verranno pi\u00f9 trattati per la finalit\u00e0 descritta alla lettera B.<\/p>\n<p>Maggiori informazioni in merito al periodo di conservazione dei Dati Personali e ai criteri utilizzati per determinare tale periodo possono essere richieste inviando una comunicazione scritta all\u2019indirizzo sotto indicato oppure un\u2019e-mail a <a href=\"mailto:info@dmcus.it\">info@dmcus.it<\/a><\/p>\n<p>Specifiche misure di sicurezza sono osservate per prevenire la perdita dei dati, usi illeciti o non corretti ed accessi non autorizzati.<\/p>\n<p><strong>F &#8211; Tipo di dati trattati<\/strong><\/p>\n<p><u>Dati di navigazione<\/u>:<\/p>\n<p>I sistemi informatici e le procedure software preposte al funzionamento di questo sito web acquisiscono, nel corso del loro normale esercizio, alcuni dati personali la cui trasmissione \u00e8 implicita nell\u2019uso dei protocolli di comunicazione di Internet.<\/p>\n<p>Si tratta di informazioni che non sono raccolte per essere associate a interessati identificati, ma che per loro stessa natura potrebbero, attraverso elaborazioni ed associazioni con dati detenuti da terzi, permettere di identificare gli utenti.<\/p>\n<p>In questa categoria di dati rientrano gli indirizzi IP o i nomi a dominio dei computer utilizzati dagli utenti che si connettono al sito, gli indirizzi in notazione URI (Uniform Resource Identifier) delle risorse richieste, l\u2019orario della richiesta, il metodo utilizzato nel sottoporre la richiesta al server, la dimensione del file ottenuto in risposta, il codice numerico indicante lo stato della risposta data dal server (buon fine, errore, ecc.) ed altri parametri relativi al sistema operativo e all\u2019ambiente informatico dell\u2019utente.<\/p>\n<p>Questi dati vengono utilizzati al solo fine di ricavare informazioni statistiche anonime sull\u2019uso del sito e per controllarne il corretto funzionamento e vengono cancellati immediatamente dopo l\u2019elaborazione.<\/p>\n<p><u>Dati forniti volontariamente dall\u2019utente:<\/u><\/p>\n<p>L\u2019invio facoltativo, esplicito e volontario, di generalit\u00e0 dell\u2019utente e dell\u2019indirizzo di posta elettronica agli indirizzi indicati su questo sito comporta la successiva acquisizione di tali dati, necessari per rispondere alle richieste, nonch\u00e9 degli eventuali altri dati personali inseriti nella missiva.<\/p>\n<p>I dati personali del Cliente sono richiesti per le finalit\u00e0 di cui al precedente punto A e per la gestione delle sue richieste.<\/p>\n<p><strong>G \u2013 Diritti degli interessati<\/strong><\/p>\n<p>Nei limiti della Normativa applicabile, Lei ha diritto di chiedere, in qualunque momento, l\u2019accesso, la conferma dell&#8217;esistenza o meno dei medesimi dati e di conoscerne il contenuto e l&#8217;origine, verificarne l&#8217;esattezza o chiederne l&#8217;integrazione o l&#8217;aggiornamento, oppure la rettificazione di ottenere in un formato strutturato, di uso comune e leggibile da dispositivo automatico i dati che La riguardano (<strong><a href=\"https:\/\/www.garanteprivacy.it\/garante\/doc.jsp?ID=1311248#articolo7\" target=\"_blank\" rel=\"noopener noreferrer\">articolo 7\u00a0<\/a><\/strong>del Codice in materia di protezione dei dati personali e <strong>articolo 12\u00a0<\/strong>del Regolamento UE 2016\/679).<\/p>\n<p>Ai sensi dei medesimi articoli si ha il diritto di chiedere la cancellazione, la trasformazione in forma anonima o il blocco dei dati trattati in violazione di legge, nonch\u00e9 di opporsi in ogni caso, per motivi legittimi, al loro trattamento.<\/p>\n<p>I soggetti cui si riferiscono i dati personali hanno il diritto in qualunque momento di ottenere informazioni.<\/p>\n<p>Le richieste vanno rivolte via e-mail all\u2019indirizzo: <a href=\"mailto:info@dmcus.it\">info@dmcus.it<\/a><\/p>\n<p>Ai sensi della Normativa Applicabile, ha in ogni caso il diritto di proporre reclamo all\u2019autorit\u00e0 di controllo competente (Garante per la Protezione dei Dati Personali) qualora ritenesse che il trattamento dei Dati Personali sia contrario alla normativa vigente.<\/p>\n<p><strong>H \u2013 Titolare e Responsabile del trattamento<\/strong><\/p>\n<p>Titolare del trattamento \u00e8 D.M.CUS S.r.l., con sede legale in Atessa, Via Cagliari 23-29 Zona Ind.le &#8211; 66041 ATESSA (CH) &#8211; ITALIA, P.IVA 02104690694.<\/p>\n<p>Responsabile del trattamento dei dati personali \u00e8 D.M.CUS S.r.l.<\/p>\n<p><strong>I \u2013<\/strong><strong>Modifiche<\/strong><\/p>\n<p>Il Titolare si riserva di modificare o semplicemente aggiornare il contenuto di questa informativa, in parte o completamente, anche a causa di variazioni della Normativa Applicabile. Il Titolare La invita quindi a visitare con regolarit\u00e0 questa sezione per prendere cognizione della pi\u00f9 recente ed aggiornata versione in modo che la S.V. sia sempre aggiornata sui dati raccolti e sull\u2019uso che ne fa D.M.CUS S.r.l.; tali variazioni saranno vincolanti non appena pubblicate sul Sito.<\/p>\n<p>Ultima modifica: 25 Maggio 2018<\/p>\n<\/div><\/div><\/div><\/div><\/div><\/div><\/section>\n","protected":false},"excerpt":{"rendered":"PrivacyAi sensi dell\u2019articolo 13 del D.lgs. n.196\/2003 \u201cCodice in materia di protezione dei dati personali\u201d \u2013 e del Regolamento UE 679\/2016 applicabile dal 25 maggio 2018 \u2013 Regolamento Generale sulla Protezione dei Dati (\u201cRGPD\u201d) (d\u2019ora in avanti Codice Privacy e RGPD sono collettivamente indicati come \u201cNormativa Applicabile\u201d), D.M.CUS S.r.l. intende descrivere le modalit\u00e0 di gestione...","protected":false},"author":2,"featured_media":0,"parent":0,"menu_order":0,"comment_status":"closed","ping_status":"open","template":"","meta":{"footnotes":""},"class_list":["post-8113","page","type-page","status-publish","hentry"],"aioseo_notices":[],"_links":{"self":[{"href":"https:\/\/www.dmcus.it\/en\/wp-json\/wp\/v2\/pages\/8113","targetHints":{"allow":["GET"]}}],"collection":[{"href":"https:\/\/www.dmcus.it\/en\/wp-json\/wp\/v2\/pages"}],"about":[{"href":"https:\/\/www.dmcus.it\/en\/wp-json\/wp\/v2\/types\/page"}],"author":[{"embeddable":true,"href":"https:\/\/www.dmcus.it\/en\/wp-json\/wp\/v2\/users\/2"}],"replies":[{"embeddable":true,"href":"https:\/\/www.dmcus.it\/en\/wp-json\/wp\/v2\/comments?post=8113"}],"version-history":[{"count":3,"href":"https:\/\/www.dmcus.it\/en\/wp-json\/wp\/v2\/pages\/8113\/revisions"}],"predecessor-version":[{"id":9543,"href":"https:\/\/www.dmcus.it\/en\/wp-json\/wp\/v2\/pages\/8113\/revisions\/9543"}],"wp:attachment":[{"href":"https:\/\/www.dmcus.it\/en\/wp-json\/wp\/v2\/media?parent=8113"}],"curies":[{"name":"wp","href":"https:\/\/api.w.org\/{rel}","templated":true}]}}